{"id":43,"date":"2026-03-31T09:40:26","date_gmt":"2026-03-31T09:40:26","guid":{"rendered":"https:\/\/cira-advisory.com\/?page_id=43"},"modified":"2026-03-31T10:32:00","modified_gmt":"2026-03-31T10:32:00","slug":"fiscalite","status":"publish","type":"page","link":"https:\/\/cira-advisory.com\/index.php\/fiscalite\/","title":{"rendered":"Fiscalit\u00e9"},"content":{"rendered":"\t\t<div data-elementor-type=\"wp-page\" data-elementor-id=\"43\" class=\"elementor elementor-43\">\n\t\t\t\t<div class=\"elementor-element elementor-element-c7a62b7 e-flex e-con-boxed wpr-particle-no wpr-jarallax-no wpr-parallax-no wpr-sticky-section-no e-con e-parent\" data-id=\"c7a62b7\" data-element_type=\"container\" data-e-type=\"container\">\n\t\t\t\t\t<div class=\"e-con-inner\">\n\t\t\t\t<div class=\"elementor-element elementor-element-42c09d1 elementor-widget elementor-widget-text-editor\" data-id=\"42c09d1\" data-element_type=\"widget\" data-e-type=\"widget\" data-widget_type=\"text-editor.default\">\n\t\t\t\t\t\t\t\t\t<p>Ma\u00eetrisez vos obligations fiscales gr\u00e2ce \u00e0&nbsp;<span data-start=\"255\" data-end=\"298\">nos experts et nos solutions num\u00e9riques<\/span>. D\u00e9clarations, suivi des paiements et analyses fiscales sont simplifi\u00e9s, tandis que nous vous guidons&nbsp;<span data-start=\"401\" data-end=\"414\">pas \u00e0 pas<\/span>&nbsp;pour optimiser votre fiscalit\u00e9 et rester pleinement conforme aux r\u00e9glementations en vigueur.<\/p>\t\t\t\t\t\t\t\t<\/div>\n\t\t\t\t\t<\/div>\n\t\t\t\t<\/div>\n\t\t<div class=\"elementor-element elementor-element-ffa9184 e-flex e-con-boxed wpr-particle-no wpr-jarallax-no wpr-parallax-no wpr-sticky-section-no e-con e-parent\" data-id=\"ffa9184\" data-element_type=\"container\" data-e-type=\"container\">\n\t\t\t\t\t<div class=\"e-con-inner\">\n\t\t\t\t<div class=\"elementor-element elementor-element-b7051a9 elementor-widget elementor-widget-image\" data-id=\"b7051a9\" data-element_type=\"widget\" data-e-type=\"widget\" data-widget_type=\"image.default\">\n\t\t\t\t\t\t\t\t\t\t\t\t\t\t\t<img fetchpriority=\"high\" decoding=\"async\" width=\"1536\" height=\"1024\" src=\"https:\/\/cira-advisory.com\/wp-content\/uploads\/2026\/03\/fiscalite_optimise.jpg\" class=\"attachment-1536x1536 size-1536x1536 wp-image-31\" alt=\"\" srcset=\"https:\/\/cira-advisory.com\/wp-content\/uploads\/2026\/03\/fiscalite_optimise.jpg 1536w, https:\/\/cira-advisory.com\/wp-content\/uploads\/2026\/03\/fiscalite_optimise-300x200.jpg 300w, https:\/\/cira-advisory.com\/wp-content\/uploads\/2026\/03\/fiscalite_optimise-1024x683.jpg 1024w, https:\/\/cira-advisory.com\/wp-content\/uploads\/2026\/03\/fiscalite_optimise-768x512.jpg 768w\" sizes=\"(max-width: 1536px) 100vw, 1536px\" \/>\t\t\t\t\t\t\t\t\t\t\t\t\t\t\t<\/div>\n\t\t\t\t\t<\/div>\n\t\t\t\t<\/div>\n\t\t\t\t<\/div>\n\t\t","protected":false},"excerpt":{"rendered":"<p>Ma\u00eetrisez vos obligations fiscales gr\u00e2ce \u00e0&nbsp;nos experts et nos solutions num\u00e9riques. D\u00e9clarations, suivi des paiements et analyses fiscales sont simplifi\u00e9s, tandis que nous vous guidons&nbsp;pas \u00e0 pas&nbsp;pour optimiser votre fiscalit\u00e9 et rester pleinement conforme aux r\u00e9glementations en vigueur.<\/p>\n","protected":false},"author":1,"featured_media":0,"parent":0,"menu_order":0,"comment_status":"closed","ping_status":"closed","template":"","meta":{"_angie_page":false,"footnotes":""},"class_list":["post-43","page","type-page","status-publish","hentry"],"_links":{"self":[{"href":"https:\/\/cira-advisory.com\/index.php\/wp-json\/wp\/v2\/pages\/43","targetHints":{"allow":["GET"]}}],"collection":[{"href":"https:\/\/cira-advisory.com\/index.php\/wp-json\/wp\/v2\/pages"}],"about":[{"href":"https:\/\/cira-advisory.com\/index.php\/wp-json\/wp\/v2\/types\/page"}],"author":[{"embeddable":true,"href":"https:\/\/cira-advisory.com\/index.php\/wp-json\/wp\/v2\/users\/1"}],"replies":[{"embeddable":true,"href":"https:\/\/cira-advisory.com\/index.php\/wp-json\/wp\/v2\/comments?post=43"}],"version-history":[{"count":4,"href":"https:\/\/cira-advisory.com\/index.php\/wp-json\/wp\/v2\/pages\/43\/revisions"}],"predecessor-version":[{"id":86,"href":"https:\/\/cira-advisory.com\/index.php\/wp-json\/wp\/v2\/pages\/43\/revisions\/86"}],"wp:attachment":[{"href":"https:\/\/cira-advisory.com\/index.php\/wp-json\/wp\/v2\/media?parent=43"}],"curies":[{"name":"wp","href":"https:\/\/api.w.org\/{rel}","templated":true}]}}