{"id":41,"date":"2026-03-31T09:40:26","date_gmt":"2026-03-31T09:40:26","guid":{"rendered":"https:\/\/cira-advisory.com\/?page_id=41"},"modified":"2026-03-31T11:11:23","modified_gmt":"2026-03-31T11:11:23","slug":"digitalisation","status":"publish","type":"page","link":"https:\/\/cira-advisory.com\/index.php\/digitalisation\/","title":{"rendered":"Digitalisation"},"content":{"rendered":"\t\t<div data-elementor-type=\"wp-page\" data-elementor-id=\"41\" class=\"elementor elementor-41\">\n\t\t\t\t<div class=\"elementor-element elementor-element-630e23e e-flex e-con-boxed wpr-particle-no wpr-jarallax-no wpr-parallax-no wpr-sticky-section-no e-con e-parent\" data-id=\"630e23e\" data-element_type=\"container\" data-e-type=\"container\">\n\t\t\t\t\t<div class=\"e-con-inner\">\n\t\t\t\t<div class=\"elementor-element elementor-element-e5abdc6 elementor-widget elementor-widget-text-editor\" data-id=\"e5abdc6\" data-element_type=\"widget\" data-e-type=\"widget\" data-widget_type=\"text-editor.default\">\n\t\t\t\t\t\t\t\t\t<p>Gagnez du temps et simplifiez vos op\u00e9rations gr\u00e2ce \u00e0 nos solutions num\u00e9riques\u202f: comptabilit\u00e9 automatis\u00e9e, suivi fiscal en ligne, applications web et bases de donn\u00e9es performantes.\u00a0<span data-start=\"359\" data-end=\"451\">Nous pouvons \u00e9galement cr\u00e9er des solutions sur mesure adapt\u00e9es \u00e0 vos besoins sp\u00e9cifiques<\/span>, pour transformer vos donn\u00e9es en d\u00e9cisions rapides et fiables.<\/p>\t\t\t\t\t\t\t\t<\/div>\n\t\t\t\t\t<\/div>\n\t\t\t\t<\/div>\n\t\t<div class=\"elementor-element elementor-element-b350211 e-flex e-con-boxed wpr-particle-no wpr-jarallax-no wpr-parallax-no wpr-sticky-section-no e-con e-parent\" data-id=\"b350211\" data-element_type=\"container\" data-e-type=\"container\">\n\t\t\t\t\t<div class=\"e-con-inner\">\n\t\t\t\t<div class=\"elementor-element elementor-element-4c4bad1 elementor-widget elementor-widget-image\" data-id=\"4c4bad1\" data-element_type=\"widget\" data-e-type=\"widget\" data-widget_type=\"image.default\">\n\t\t\t\t\t\t\t\t\t\t\t\t\t\t\t<img fetchpriority=\"high\" decoding=\"async\" width=\"1408\" height=\"768\" src=\"https:\/\/cira-advisory.com\/wp-content\/uploads\/2026\/03\/DIGITAL6CIRA.png\" class=\"attachment-1536x1536 size-1536x1536 wp-image-30\" alt=\"\" srcset=\"https:\/\/cira-advisory.com\/wp-content\/uploads\/2026\/03\/DIGITAL6CIRA.png 1408w, https:\/\/cira-advisory.com\/wp-content\/uploads\/2026\/03\/DIGITAL6CIRA-300x164.png 300w, https:\/\/cira-advisory.com\/wp-content\/uploads\/2026\/03\/DIGITAL6CIRA-1024x559.png 1024w, https:\/\/cira-advisory.com\/wp-content\/uploads\/2026\/03\/DIGITAL6CIRA-768x419.png 768w\" sizes=\"(max-width: 1408px) 100vw, 1408px\" \/>\t\t\t\t\t\t\t\t\t\t\t\t\t\t\t<\/div>\n\t\t\t\t\t<\/div>\n\t\t\t\t<\/div>\n\t\t<div class=\"elementor-element elementor-element-ffcb82d e-flex e-con-boxed wpr-particle-no wpr-jarallax-no wpr-parallax-no wpr-sticky-section-no e-con e-parent\" data-id=\"ffcb82d\" data-element_type=\"container\" data-e-type=\"container\">\n\t\t\t\t\t<div class=\"e-con-inner\">\n\t\t\t\t<div class=\"elementor-element elementor-element-41d08d4 elementor-widget-divider--view-line_text elementor-widget-divider--element-align-center elementor-widget elementor-widget-divider\" data-id=\"41d08d4\" data-element_type=\"widget\" data-e-type=\"widget\" data-widget_type=\"divider.default\">\n\t\t\t\t\t\t\t<div class=\"elementor-divider\">\n\t\t\t<span class=\"elementor-divider-separator\">\n\t\t\t\t\t\t\t<h6 class=\"elementor-divider__text elementor-divider__element\">\n\t\t\t\tNos Solutions Disponibles\t\t\t\t<\/h6>\n\t\t\t\t\t\t<\/span>\n\t\t<\/div>\n\t\t\t\t\t\t<\/div>\n\t\t\t\t\t<\/div>\n\t\t\t\t<\/div>\n\t\t<div class=\"elementor-element elementor-element-97b65b0 e-grid e-con-boxed wpr-particle-no wpr-jarallax-no wpr-parallax-no wpr-sticky-section-no e-con e-parent\" data-id=\"97b65b0\" data-element_type=\"container\" data-e-type=\"container\">\n\t\t\t\t\t<div class=\"e-con-inner\">\n\t\t\t\t<div class=\"elementor-element elementor-element-2ef590d elementor-widget elementor-widget-image\" data-id=\"2ef590d\" data-element_type=\"widget\" data-e-type=\"widget\" data-widget_type=\"image.default\">\n\t\t\t\t\t\t\t\t\t\t\t\t<figure class=\"wp-caption\">\n\t\t\t\t\t\t\t\t\t\t<img decoding=\"async\" width=\"1024\" height=\"428\" src=\"https:\/\/cira-advisory.com\/wp-content\/uploads\/2026\/03\/dashsupadmin1-1024x428.png\" class=\"attachment-large size-large wp-image-78\" alt=\"\" srcset=\"https:\/\/cira-advisory.com\/wp-content\/uploads\/2026\/03\/dashsupadmin1-1024x428.png 1024w, https:\/\/cira-advisory.com\/wp-content\/uploads\/2026\/03\/dashsupadmin1-300x125.png 300w, https:\/\/cira-advisory.com\/wp-content\/uploads\/2026\/03\/dashsupadmin1-768x321.png 768w, https:\/\/cira-advisory.com\/wp-content\/uploads\/2026\/03\/dashsupadmin1-1536x642.png 1536w, https:\/\/cira-advisory.com\/wp-content\/uploads\/2026\/03\/dashsupadmin1-2048x857.png 2048w\" sizes=\"(max-width: 1024px) 100vw, 1024px\" \/>\t\t\t\t\t\t\t\t\t\t\t<figcaption class=\"widget-image-caption wp-caption-text\">SCOLARIX est une application web de gestion scolaire compl\u00e8te con\u00e7ue pour digitaliser et  simplifier les op\u00e9rations administratives, acad\u00e9miques et p\u00e9dagogiques des \u00e9tablissements  scolaires. <\/figcaption>\n\t\t\t\t\t\t\t\t\t\t<\/figure>\n\t\t\t\t\t\t\t\t\t<\/div>\n\t\t\t\t<div class=\"elementor-element elementor-element-5143f71 elementor-widget elementor-widget-image\" data-id=\"5143f71\" data-element_type=\"widget\" data-e-type=\"widget\" data-widget_type=\"image.default\">\n\t\t\t\t\t\t\t\t\t\t\t\t<figure class=\"wp-caption\">\n\t\t\t\t\t\t\t\t\t\t<img decoding=\"async\" width=\"1024\" height=\"528\" src=\"https:\/\/cira-advisory.com\/wp-content\/uploads\/2026\/03\/dash2-1024x528.png\" class=\"attachment-large size-large wp-image-79\" alt=\"\" srcset=\"https:\/\/cira-advisory.com\/wp-content\/uploads\/2026\/03\/dash2-1024x528.png 1024w, https:\/\/cira-advisory.com\/wp-content\/uploads\/2026\/03\/dash2-300x155.png 300w, https:\/\/cira-advisory.com\/wp-content\/uploads\/2026\/03\/dash2-768x396.png 768w, https:\/\/cira-advisory.com\/wp-content\/uploads\/2026\/03\/dash2-1536x792.png 1536w, https:\/\/cira-advisory.com\/wp-content\/uploads\/2026\/03\/dash2-2048x1056.png 2048w\" sizes=\"(max-width: 1024px) 100vw, 1024px\" \/>\t\t\t\t\t\t\t\t\t\t\t<figcaption class=\"widget-image-caption wp-caption-text\">JAGO simplifie la gestion de votre point de vente en automatisant les ventes, en suivant vos stocks et en facilitant le suivi de vos clients, pour un commerce plus efficace et organis\u00e9.<\/figcaption>\n\t\t\t\t\t\t\t\t\t\t<\/figure>\n\t\t\t\t\t\t\t\t\t<\/div>\n\t\t\t\t<div class=\"elementor-element elementor-element-40517a3 elementor-widget elementor-widget-image\" data-id=\"40517a3\" data-element_type=\"widget\" data-e-type=\"widget\" data-widget_type=\"image.default\">\n\t\t\t\t\t\t\t\t\t\t\t\t<figure class=\"wp-caption\">\n\t\t\t\t\t\t\t\t\t\t<img loading=\"lazy\" decoding=\"async\" width=\"1024\" height=\"542\" src=\"https:\/\/cira-advisory.com\/wp-content\/uploads\/2026\/03\/TB-1-1024x542.jpg\" class=\"attachment-large size-large wp-image-80\" alt=\"\" srcset=\"https:\/\/cira-advisory.com\/wp-content\/uploads\/2026\/03\/TB-1-1024x542.jpg 1024w, https:\/\/cira-advisory.com\/wp-content\/uploads\/2026\/03\/TB-1-300x159.jpg 300w, https:\/\/cira-advisory.com\/wp-content\/uploads\/2026\/03\/TB-1-768x407.jpg 768w, https:\/\/cira-advisory.com\/wp-content\/uploads\/2026\/03\/TB-1-1536x814.jpg 1536w, https:\/\/cira-advisory.com\/wp-content\/uploads\/2026\/03\/TB-1-2048x1085.jpg 2048w\" sizes=\"(max-width: 1024px) 100vw, 1024px\" \/>\t\t\t\t\t\t\t\t\t\t\t<figcaption class=\"widget-image-caption wp-caption-text\">MineDashboard centralise et simplifie le suivi des op\u00e9rations mini\u00e8res en offrant des tableaux de bord pour visualiser les indicateurs pour une gestion plus efficace et \u00e9clair\u00e9e.<\/figcaption>\n\t\t\t\t\t\t\t\t\t\t<\/figure>\n\t\t\t\t\t\t\t\t\t<\/div>\n\t\t\t\t\t<\/div>\n\t\t\t\t<\/div>\n\t\t\t\t<\/div>\n\t\t","protected":false},"excerpt":{"rendered":"<p>Gagnez du temps et simplifiez vos op\u00e9rations gr\u00e2ce \u00e0 nos solutions num\u00e9riques\u202f: comptabilit\u00e9 automatis\u00e9e, suivi fiscal en ligne, applications web et bases de donn\u00e9es performantes.\u00a0Nous pouvons \u00e9galement cr\u00e9er des solutions sur mesure adapt\u00e9es \u00e0 vos besoins sp\u00e9cifiques, pour transformer vos donn\u00e9es en d\u00e9cisions rapides et fiables. Nos Solutions Disponibles SCOLARIX est une application web de gestion scolaire compl\u00e8te con\u00e7ue pour digitaliser et simplifier les op\u00e9rations administratives, acad\u00e9miques et p\u00e9dagogiques des \u00e9tablissements scolaires. JAGO simplifie la gestion de votre point de vente en automatisant les ventes, en suivant vos stocks et en facilitant le suivi de vos clients, pour un commerce plus efficace et organis\u00e9. MineDashboard centralise et simplifie le suivi des op\u00e9rations mini\u00e8res en offrant des tableaux de bord pour visualiser les indicateurs pour une gestion plus efficace et \u00e9clair\u00e9e.<\/p>\n","protected":false},"author":1,"featured_media":0,"parent":0,"menu_order":0,"comment_status":"closed","ping_status":"closed","template":"","meta":{"_angie_page":false,"footnotes":""},"class_list":["post-41","page","type-page","status-publish","hentry"],"_links":{"self":[{"href":"https:\/\/cira-advisory.com\/index.php\/wp-json\/wp\/v2\/pages\/41","targetHints":{"allow":["GET"]}}],"collection":[{"href":"https:\/\/cira-advisory.com\/index.php\/wp-json\/wp\/v2\/pages"}],"about":[{"href":"https:\/\/cira-advisory.com\/index.php\/wp-json\/wp\/v2\/types\/page"}],"author":[{"embeddable":true,"href":"https:\/\/cira-advisory.com\/index.php\/wp-json\/wp\/v2\/users\/1"}],"replies":[{"embeddable":true,"href":"https:\/\/cira-advisory.com\/index.php\/wp-json\/wp\/v2\/comments?post=41"}],"version-history":[{"count":16,"href":"https:\/\/cira-advisory.com\/index.php\/wp-json\/wp\/v2\/pages\/41\/revisions"}],"predecessor-version":[{"id":106,"href":"https:\/\/cira-advisory.com\/index.php\/wp-json\/wp\/v2\/pages\/41\/revisions\/106"}],"wp:attachment":[{"href":"https:\/\/cira-advisory.com\/index.php\/wp-json\/wp\/v2\/media?parent=41"}],"curies":[{"name":"wp","href":"https:\/\/api.w.org\/{rel}","templated":true}]}}